{"id":561,"date":"2025-06-04T16:57:45","date_gmt":"2025-06-04T14:57:45","guid":{"rendered":"https:\/\/cabinet-sr.fr\/?page_id=561"},"modified":"2025-06-12T17:04:55","modified_gmt":"2025-06-12T15:04:55","slug":"actualites","status":"publish","type":"page","link":"https:\/\/cabinet-sr.fr\/index.php\/actualites\/","title":{"rendered":"Actualit\u00e9s"},"content":{"rendered":"\n<div class=\"wp-block-group has-tertiary-background-color has-background has-global-padding is-layout-constrained wp-container-core-group-is-layout-0f6c6919 wp-block-group-is-layout-constrained\" style=\"margin-top:0;margin-bottom:0;padding-top:50px;padding-right:20px;padding-bottom:100px;padding-left:20px\">\n<div class=\"wp-block-group is-content-justification-space-between is-layout-flex wp-container-core-group-is-layout-8f753979 wp-block-group-is-layout-flex\" style=\"margin-top:0;margin-bottom:0;padding-bottom:60px\">\n<h2 class=\"wp-block-heading wp-container-content-432d1f4f\">Actualit\u00e9s RH\/recrutement<\/h2>\n\n\n\n<div class=\"wp-block-buttons right-arrow-btn is-nowrap is-layout-flex wp-container-core-buttons-is-layout-b6b71352 wp-block-buttons-is-layout-flex\" style=\"padding-right:0;padding-left:0\"><\/div>\n<\/div>\n\n\n\n<div class=\"wp-block-query is-layout-flow wp-block-query-is-layout-flow\"><ul class=\"wp-block-post-template is-layout-grid wp-container-core-post-template-is-layout-49315495 wp-block-post-template-is-layout-grid\"><li class=\"wp-block-post post-550 post type-post status-publish format-standard hentry category-non-classe\">\n\n<div class=\"wp-block-group has-white-background-color has-background is-nowrap is-layout-flex wp-container-core-group-is-layout-688286f3 wp-block-group-is-layout-flex\" style=\"border-style:none;border-width:0px;border-radius:10px;min-height:320px;margin-top:0;margin-bottom:0;padding-top:var(--wp--preset--spacing--20);padding-right:var(--wp--preset--spacing--20);padding-bottom:var(--wp--preset--spacing--20);padding-left:var(--wp--preset--spacing--20)\">\n\n\n<div class=\"wp-block-group has-global-padding is-layout-constrained wp-container-core-group-is-layout-1fd65f9c wp-block-group-is-layout-constrained\" style=\"padding-top:0;padding-right:0;padding-bottom:0;padding-left:0\"><div class=\"wp-block-post-date\"><time datetime=\"2025-06-04T15:45:24+02:00\">6\/4\/2025<\/time><\/div>\n\n\n<div style=\"height:10px\" aria-hidden=\"true\" class=\"wp-block-spacer\"><\/div>\n\n\n<h3 style=\"line-height:1.2;\" class=\"wp-block-post-title has-medium-font-size\"><a href=\"https:\/\/cabinet-sr.fr\/index.php\/2025\/06\/04\/faut-il-externaliser-son-recrutement\/\" target=\"_self\" >Faut-il externaliser son recrutement ?<\/a><\/h3>\n\n\n<div style=\"height:20px\" aria-hidden=\"true\" class=\"wp-block-spacer\"><\/div>\n\n\n<div style=\"padding-top:0;padding-bottom:0;\" class=\"wp-block-post-excerpt\"><p class=\"wp-block-post-excerpt__excerpt\">Recruter les bons profils est un enjeu strat\u00e9gique pour toute entreprise. Mais faut-il forc\u00e9ment g\u00e9rer ce processus en interne ?\u2026<\/p><p class=\"wp-block-post-excerpt__more-text\"><a class=\"wp-block-post-excerpt__more-link\" href=\"https:\/\/cabinet-sr.fr\/index.php\/2025\/06\/04\/faut-il-externaliser-son-recrutement\/\">Lire l&rsquo;article<\/a><\/p><\/div><\/div>\n<\/div>\n\n<\/li><li class=\"wp-block-post post-548 post type-post status-publish format-standard hentry category-non-classe\">\n\n<div class=\"wp-block-group has-white-background-color has-background is-nowrap is-layout-flex wp-container-core-group-is-layout-688286f3 wp-block-group-is-layout-flex\" style=\"border-style:none;border-width:0px;border-radius:10px;min-height:320px;margin-top:0;margin-bottom:0;padding-top:var(--wp--preset--spacing--20);padding-right:var(--wp--preset--spacing--20);padding-bottom:var(--wp--preset--spacing--20);padding-left:var(--wp--preset--spacing--20)\">\n\n\n<div class=\"wp-block-group has-global-padding is-layout-constrained wp-container-core-group-is-layout-1fd65f9c wp-block-group-is-layout-constrained\" style=\"padding-top:0;padding-right:0;padding-bottom:0;padding-left:0\"><div class=\"wp-block-post-date\"><time datetime=\"2025-06-04T15:43:51+02:00\">6\/4\/2025<\/time><\/div>\n\n\n<div style=\"height:10px\" aria-hidden=\"true\" class=\"wp-block-spacer\"><\/div>\n\n\n<h3 style=\"line-height:1.2;\" class=\"wp-block-post-title has-medium-font-size\"><a href=\"https:\/\/cabinet-sr.fr\/index.php\/2025\/06\/04\/les-erreurs-a-eviter-dans-le-recrutement-rh\/\" target=\"_self\" >Les erreurs \u00e0 \u00e9viter dans le recrutement RH<\/a><\/h3>\n\n\n<div style=\"height:20px\" aria-hidden=\"true\" class=\"wp-block-spacer\"><\/div>\n\n\n<div style=\"padding-top:0;padding-bottom:0;\" class=\"wp-block-post-excerpt\"><p class=\"wp-block-post-excerpt__excerpt\">Le recrutement RH est un processus cl\u00e9 pour assurer la performance et la coh\u00e9sion d\u2019une entreprise. Pourtant, certaines erreurs fr\u00e9quentes\u2026<\/p><p class=\"wp-block-post-excerpt__more-text\"><a class=\"wp-block-post-excerpt__more-link\" href=\"https:\/\/cabinet-sr.fr\/index.php\/2025\/06\/04\/les-erreurs-a-eviter-dans-le-recrutement-rh\/\">Lire l&rsquo;article<\/a><\/p><\/div><\/div>\n<\/div>\n\n<\/li><li class=\"wp-block-post post-1 post type-post status-publish format-standard hentry category-non-classe\">\n\n<div class=\"wp-block-group has-white-background-color has-background is-nowrap is-layout-flex wp-container-core-group-is-layout-688286f3 wp-block-group-is-layout-flex\" style=\"border-style:none;border-width:0px;border-radius:10px;min-height:320px;margin-top:0;margin-bottom:0;padding-top:var(--wp--preset--spacing--20);padding-right:var(--wp--preset--spacing--20);padding-bottom:var(--wp--preset--spacing--20);padding-left:var(--wp--preset--spacing--20)\">\n\n\n<div class=\"wp-block-group has-global-padding is-layout-constrained wp-container-core-group-is-layout-1fd65f9c wp-block-group-is-layout-constrained\" style=\"padding-top:0;padding-right:0;padding-bottom:0;padding-left:0\"><div class=\"wp-block-post-date\"><time datetime=\"2024-02-07T12:09:36+01:00\">2\/7\/2024<\/time><\/div>\n\n\n<div style=\"height:10px\" aria-hidden=\"true\" class=\"wp-block-spacer\"><\/div>\n\n\n<h3 style=\"line-height:1.2;\" class=\"wp-block-post-title has-medium-font-size\"><a href=\"https:\/\/cabinet-sr.fr\/index.php\/2024\/02\/07\/bonjour-tout-le-monde\/\" target=\"_self\" >Comment recruter un bon collaborateur comptable ?<\/a><\/h3>\n\n\n<div style=\"height:20px\" aria-hidden=\"true\" class=\"wp-block-spacer\"><\/div>\n\n\n<div style=\"padding-top:0;padding-bottom:0;\" class=\"wp-block-post-excerpt\"><p class=\"wp-block-post-excerpt__excerpt\">Recruter un bon collaborateur comptable est un enjeu strat\u00e9gique pour tout cabinet ou entreprise souhaitant assurer une gestion saine et\u2026<\/p><p class=\"wp-block-post-excerpt__more-text\"><a class=\"wp-block-post-excerpt__more-link\" href=\"https:\/\/cabinet-sr.fr\/index.php\/2024\/02\/07\/bonjour-tout-le-monde\/\">Lire l&rsquo;article<\/a><\/p><\/div><\/div>\n<\/div>\n\n<\/li><\/ul><\/div>\n<\/div>\n","protected":false},"excerpt":{"rendered":"<p>Actualit\u00e9s RH\/recrutement<\/p>\n","protected":false},"author":1,"featured_media":0,"parent":0,"menu_order":0,"comment_status":"closed","ping_status":"closed","template":"","meta":{"footnotes":""},"class_list":["post-561","page","type-page","status-publish","hentry"],"yoast_head":"<!-- This site is optimized with the Yoast SEO plugin v27.3 - https:\/\/yoast.com\/product\/yoast-seo-wordpress\/ -->\n<title>Actualit\u00e9s -<\/title>\n<meta name=\"robots\" content=\"index, follow, max-snippet:-1, max-image-preview:large, max-video-preview:-1\" \/>\n<link rel=\"canonical\" href=\"https:\/\/cabinet-sr.fr\/index.php\/actualites\/\" \/>\n<meta property=\"og:locale\" content=\"fr_FR\" \/>\n<meta property=\"og:type\" content=\"article\" \/>\n<meta property=\"og:title\" content=\"Actualit\u00e9s -\" \/>\n<meta property=\"og:description\" content=\"Actualit\u00e9s RH\/recrutement\" \/>\n<meta property=\"og:url\" content=\"https:\/\/cabinet-sr.fr\/index.php\/actualites\/\" \/>\n<meta property=\"article:modified_time\" content=\"2025-06-12T15:04:55+00:00\" \/>\n<meta name=\"twitter:card\" content=\"summary_large_image\" \/>\n<script type=\"application\/ld+json\" class=\"yoast-schema-graph\">{\"@context\":\"https:\\\/\\\/schema.org\",\"@graph\":[{\"@type\":\"WebPage\",\"@id\":\"https:\\\/\\\/cabinet-sr.fr\\\/index.php\\\/actualites\\\/\",\"url\":\"https:\\\/\\\/cabinet-sr.fr\\\/index.php\\\/actualites\\\/\",\"name\":\"Actualit\u00e9s -\",\"isPartOf\":{\"@id\":\"https:\\\/\\\/cabinet-sr.fr\\\/#website\"},\"datePublished\":\"2025-06-04T14:57:45+00:00\",\"dateModified\":\"2025-06-12T15:04:55+00:00\",\"breadcrumb\":{\"@id\":\"https:\\\/\\\/cabinet-sr.fr\\\/index.php\\\/actualites\\\/#breadcrumb\"},\"inLanguage\":\"fr-FR\",\"potentialAction\":[{\"@type\":\"ReadAction\",\"target\":[\"https:\\\/\\\/cabinet-sr.fr\\\/index.php\\\/actualites\\\/\"]}]},{\"@type\":\"BreadcrumbList\",\"@id\":\"https:\\\/\\\/cabinet-sr.fr\\\/index.php\\\/actualites\\\/#breadcrumb\",\"itemListElement\":[{\"@type\":\"ListItem\",\"position\":1,\"name\":\"Accueil\",\"item\":\"https:\\\/\\\/cabinet-sr.fr\\\/\"},{\"@type\":\"ListItem\",\"position\":2,\"name\":\"Actualit\u00e9s\"}]},{\"@type\":\"WebSite\",\"@id\":\"https:\\\/\\\/cabinet-sr.fr\\\/#website\",\"url\":\"https:\\\/\\\/cabinet-sr.fr\\\/\",\"name\":\"\",\"description\":\"Experts en recrutement dans les m\u00e9tiers de la comptabilit\u00e9, RH, juridique et audit\",\"potentialAction\":[{\"@type\":\"SearchAction\",\"target\":{\"@type\":\"EntryPoint\",\"urlTemplate\":\"https:\\\/\\\/cabinet-sr.fr\\\/?s={search_term_string}\"},\"query-input\":{\"@type\":\"PropertyValueSpecification\",\"valueRequired\":true,\"valueName\":\"search_term_string\"}}],\"inLanguage\":\"fr-FR\"}]}<\/script>\n<!-- \/ Yoast SEO plugin. -->","yoast_head_json":{"title":"Actualit\u00e9s -","robots":{"index":"index","follow":"follow","max-snippet":"max-snippet:-1","max-image-preview":"max-image-preview:large","max-video-preview":"max-video-preview:-1"},"canonical":"https:\/\/cabinet-sr.fr\/index.php\/actualites\/","og_locale":"fr_FR","og_type":"article","og_title":"Actualit\u00e9s -","og_description":"Actualit\u00e9s RH\/recrutement","og_url":"https:\/\/cabinet-sr.fr\/index.php\/actualites\/","article_modified_time":"2025-06-12T15:04:55+00:00","twitter_card":"summary_large_image","schema":{"@context":"https:\/\/schema.org","@graph":[{"@type":"WebPage","@id":"https:\/\/cabinet-sr.fr\/index.php\/actualites\/","url":"https:\/\/cabinet-sr.fr\/index.php\/actualites\/","name":"Actualit\u00e9s -","isPartOf":{"@id":"https:\/\/cabinet-sr.fr\/#website"},"datePublished":"2025-06-04T14:57:45+00:00","dateModified":"2025-06-12T15:04:55+00:00","breadcrumb":{"@id":"https:\/\/cabinet-sr.fr\/index.php\/actualites\/#breadcrumb"},"inLanguage":"fr-FR","potentialAction":[{"@type":"ReadAction","target":["https:\/\/cabinet-sr.fr\/index.php\/actualites\/"]}]},{"@type":"BreadcrumbList","@id":"https:\/\/cabinet-sr.fr\/index.php\/actualites\/#breadcrumb","itemListElement":[{"@type":"ListItem","position":1,"name":"Accueil","item":"https:\/\/cabinet-sr.fr\/"},{"@type":"ListItem","position":2,"name":"Actualit\u00e9s"}]},{"@type":"WebSite","@id":"https:\/\/cabinet-sr.fr\/#website","url":"https:\/\/cabinet-sr.fr\/","name":"","description":"Experts en recrutement dans les m\u00e9tiers de la comptabilit\u00e9, RH, juridique et audit","potentialAction":[{"@type":"SearchAction","target":{"@type":"EntryPoint","urlTemplate":"https:\/\/cabinet-sr.fr\/?s={search_term_string}"},"query-input":{"@type":"PropertyValueSpecification","valueRequired":true,"valueName":"search_term_string"}}],"inLanguage":"fr-FR"}]}},"_links":{"self":[{"href":"https:\/\/cabinet-sr.fr\/index.php\/wp-json\/wp\/v2\/pages\/561","targetHints":{"allow":["GET"]}}],"collection":[{"href":"https:\/\/cabinet-sr.fr\/index.php\/wp-json\/wp\/v2\/pages"}],"about":[{"href":"https:\/\/cabinet-sr.fr\/index.php\/wp-json\/wp\/v2\/types\/page"}],"author":[{"embeddable":true,"href":"https:\/\/cabinet-sr.fr\/index.php\/wp-json\/wp\/v2\/users\/1"}],"replies":[{"embeddable":true,"href":"https:\/\/cabinet-sr.fr\/index.php\/wp-json\/wp\/v2\/comments?post=561"}],"version-history":[{"count":12,"href":"https:\/\/cabinet-sr.fr\/index.php\/wp-json\/wp\/v2\/pages\/561\/revisions"}],"predecessor-version":[{"id":860,"href":"https:\/\/cabinet-sr.fr\/index.php\/wp-json\/wp\/v2\/pages\/561\/revisions\/860"}],"wp:attachment":[{"href":"https:\/\/cabinet-sr.fr\/index.php\/wp-json\/wp\/v2\/media?parent=561"}],"curies":[{"name":"wp","href":"https:\/\/api.w.org\/{rel}","templated":true}]}}